{"id":4994,"date":"2022-09-21T17:48:32","date_gmt":"2022-09-21T15:48:32","guid":{"rendered":"https:\/\/www.agence-presence.fr\/?page_id=4994"},"modified":"2024-10-16T16:41:23","modified_gmt":"2024-10-16T14:41:23","slug":"our-projects-exhibition-planning","status":"publish","type":"page","link":"https:\/\/www.agence-presence.fr\/en\/our-projects-exhibition-planning\/","title":{"rendered":"Our projects Exhibition Planning"},"content":{"rendered":"<p>[et_pb_section fb_built=&#8221;1&#8243; admin_label=&#8221;Bandeau&#8221; _builder_version=&#8221;4.16&#8243; _module_preset=&#8221;default&#8221; custom_padding=&#8221;0px||0px||true|false&#8221; locked=&#8221;off&#8221; global_colors_info=&#8221;{}&#8221;][et_pb_row custom_padding_last_edited=&#8221;on|phone&#8221; disabled_on=&#8221;off|off|off&#8221; admin_label=&#8221;Row&#8221; _builder_version=&#8221;4.22.1&#8243; _module_preset=&#8221;default&#8221; background_image=&#8221;https:\/\/www.agence-presence.fr\/wp-content\/uploads\/2022\/12\/illustration_museographie.jpg&#8221; width=&#8221;90%&#8221; width_tablet=&#8221;100%&#8221; width_phone=&#8221;100%&#8221; width_last_edited=&#8221;on|tablet&#8221; max_width=&#8221;100%&#8221; module_alignment=&#8221;left&#8221; min_height=&#8221;200px&#8221; height=&#8221;30vw&#8221; custom_padding=&#8221;10%||0px|130px|false|false&#8221; custom_padding_tablet=&#8221;10%||0px|130px|false|false&#8221; custom_padding_phone=&#8221;10%||0px|30px|false|false&#8221; locked=&#8221;off&#8221; global_colors_info=&#8221;{}&#8221;][et_pb_column type=&#8221;4_4&#8243; _builder_version=&#8221;4.16&#8243; _module_preset=&#8221;default&#8221; global_colors_info=&#8221;{}&#8221;][et_pb_text disabled_on=&#8221;off|off|on&#8221; admin_label=&#8221;Text&#8221; _builder_version=&#8221;4.22.1&#8243; _module_preset=&#8221;default&#8221; header_font=&#8221;Futura Bold||||||||&#8221; header_text_color=&#8221;#FFFFFF&#8221; header_font_size=&#8221;44px&#8221; hover_enabled=&#8221;0&#8243; global_colors_info=&#8221;{}&#8221; sticky_enabled=&#8221;0&#8243;]<\/p>\n<h1>Our projects : \u200bExhibition planning &#8211; museography<\/h1>\n<p>[\/et_pb_text][\/et_pb_column][\/et_pb_row][et_pb_row disabled_on=&#8221;on|on|off&#8221; _builder_version=&#8221;4.22.1&#8243; _module_preset=&#8221;default&#8221; width=&#8221;10%&#8221; max_width=&#8221;100%&#8221; module_alignment=&#8221;right&#8221; custom_padding=&#8221;80px|20px|0px|20px|false|true&#8221; custom_css_main_element=&#8221;position: absolute;||top: 0;||right: 0;||bottom: 0;&#8221; global_colors_info=&#8221;{}&#8221;][et_pb_column type=&#8221;4_4&#8243; _builder_version=&#8221;4.18.0&#8243; _module_preset=&#8221;default&#8221; positioning=&#8221;absolute&#8221; position_origin_a=&#8221;bottom_center&#8221; global_colors_info=&#8221;{}&#8221;][et_pb_text disabled_on=&#8221;on|on|off&#8221; _builder_version=&#8221;4.22.1&#8243; _module_preset=&#8221;default&#8221; text_font=&#8221;Futura Bold||||||||&#8221; text_text_color=&#8221;rgba(35,31,32,0.26)&#8221; text_font_size=&#8221;60px&#8221; transform_rotate=&#8221;0deg|0deg|180deg&#8221; hover_enabled=&#8221;0&#8243; custom_css_main_element=&#8221;writing-mode: vertical-rl;||line-height: normal;&#8221; global_colors_info=&#8221;{}&#8221; sticky_enabled=&#8221;0&#8243;]<\/p>\n<p>Museography<\/p>\n<p>[\/et_pb_text][\/et_pb_column][\/et_pb_row][et_pb_row disabled_on=&#8221;on|on|on&#8221; module_class=&#8221;row-museo-box-header&#8221; _builder_version=&#8221;4.22.1&#8243; _module_preset=&#8221;default&#8221; background_color=&#8221;rgba(255,255,255,0.8)&#8221; width=&#8221;100%&#8221; max_width=&#8221;690px&#8221; max_width_tablet=&#8221;100%&#8221; max_width_phone=&#8221;100%&#8221; max_width_last_edited=&#8221;on|tablet&#8221; module_alignment=&#8221;right&#8221; custom_margin=&#8221;||80px||false|false&#8221; custom_margin_tablet=&#8221;||0px||false|false&#8221; custom_margin_phone=&#8221;||0px||false|false&#8221; custom_margin_last_edited=&#8221;on|tablet&#8221; custom_padding=&#8221;25px|40px|25px|40px|true|true&#8221; custom_css_main_element=&#8221;position: absolute;||right: 10%;||bottom: 0;&#8221; disabled=&#8221;on&#8221; locked=&#8221;off&#8221; global_colors_info=&#8221;{}&#8221; custom_css_main_element_last_edited=&#8221;on|tablet&#8221; custom_css_main_element_tablet=&#8221;position: static;&#8221; custom_css_main_element_phone=&#8221;position: static;&#8221;][et_pb_column type=&#8221;4_4&#8243; _builder_version=&#8221;4.16&#8243; _module_preset=&#8221;default&#8221; global_colors_info=&#8221;{}&#8221;][et_pb_text disabled_on=&#8221;off|off|off&#8221; _builder_version=&#8221;4.22.1&#8243; _module_preset=&#8221;default&#8221; text_font=&#8221;||||||||&#8221; text_text_color=&#8221;#000000&#8243; text_font_size=&#8221;16px&#8221; header_2_font=&#8221;Futura Bold|700|||||||&#8221; header_2_font_size=&#8221;32px&#8221; header_2_line_height=&#8221;1.3em&#8221; global_colors_info=&#8221;{}&#8221;]<\/p>\n<h2>Nos projets mus\u00e9ographiques<\/h2>\n<p>[\/et_pb_text][\/et_pb_column][\/et_pb_row][\/et_pb_section][et_pb_section fb_built=&#8221;1&#8243; _builder_version=&#8221;4.22.1&#8243; _module_preset=&#8221;default&#8221; custom_margin_tablet=&#8221;&#8221; custom_margin_phone=&#8221;&#8221; custom_margin_last_edited=&#8221;on|tablet&#8221; custom_padding=&#8221;0px||||false|false&#8221; global_colors_info=&#8221;{}&#8221;][et_pb_row disabled_on=&#8221;off|off|off&#8221; _builder_version=&#8221;4.16&#8243; _module_preset=&#8221;default&#8221; global_colors_info=&#8221;{}&#8221;][et_pb_column type=&#8221;4_4&#8243; _builder_version=&#8221;4.16&#8243; _module_preset=&#8221;default&#8221; global_colors_info=&#8221;{}&#8221;][et_pb_text disabled_on=&#8221;on|on|on&#8221; _builder_version=&#8221;4.22.1&#8243; _module_preset=&#8221;default&#8221; text_font=&#8221;Raleway|500|||||||&#8221; header_2_font=&#8221;Futura Bold|700||on|||||&#8221; header_2_text_align=&#8221;center&#8221; header_2_text_color=&#8221;#c4b07c&#8221; text_orientation=&#8221;center&#8221; disabled=&#8221;on&#8221; global_colors_info=&#8221;{}&#8221;]<\/p>\n<h2>D\u00e9couvrez quelques unes de nos r\u00e9f\u00e9rences<\/h2>\n<p>Lorem ipsum dolor sit amet, consectetur adipiscing elit, sed do eiusmod tempor incididunt ut labore et dolore magna aliqua. Ut enim ad minim veniam, quis nostrud exercitation ullamco laboris nisi ut aliquip ex ea commodo consequat. Duis aute irure dolor in<\/p>\n<p>[\/et_pb_text][\/et_pb_column][\/et_pb_row][et_pb_row column_structure=&#8221;1_4,3_4&#8243; use_custom_gutter=&#8221;on&#8221; gutter_width=&#8221;1&#8243; _builder_version=&#8221;4.22.1&#8243; _module_preset=&#8221;default&#8221; width=&#8221;100%&#8221; max_width=&#8221;100%&#8221; custom_padding=&#8221;0px||0px||true|false&#8221; locked=&#8221;off&#8221; global_colors_info=&#8221;{}&#8221;][et_pb_column type=&#8221;1_4&#8243; disabled_on=&#8221;on|on|off&#8221; _builder_version=&#8221;4.16&#8243; _module_preset=&#8221;default&#8221; custom_css_main_element=&#8221;display: flex;||justify-content: center;||width: 160px !important;&#8221; global_colors_info=&#8221;{}&#8221;][et_pb_text _builder_version=&#8221;4.22.1&#8243; _module_preset=&#8221;default&#8221; text_font=&#8221;Futura Bold|700||on|||||&#8221; text_text_color=&#8221;rgba(0,0,0,0.15)&#8221; text_font_size=&#8221;86px&#8221; text_line_height=&#8221;1em&#8221; custom_css_main_element=&#8221;writing-mode: vertical-lr;||transform: rotate(180deg);||white-space: nowrap;&#8221; global_colors_info=&#8221;{}&#8221;]<\/p>\n<p>Our Projects<\/p>\n<p>[\/et_pb_text][\/et_pb_column][et_pb_column type=&#8221;3_4&#8243; _builder_version=&#8221;4.17.3&#8243; _module_preset=&#8221;default&#8221; custom_padding=&#8221;|100px||100px|false|true&#8221; custom_padding_tablet=&#8221;|20px||20px|false|true&#8221; custom_padding_phone=&#8221;|20px||20px|false|true&#8221; custom_padding_last_edited=&#8221;on|tablet&#8221; custom_css_main_element=&#8221;width: calc(100% &#8211; 160px) !important;&#8221; global_colors_info=&#8221;{}&#8221; custom_css_main_element_tablet=&#8221;width: 100% !important;&#8221; custom_css_main_element_phone=&#8221;width: 100% !important;&#8221; custom_css_main_element_last_edited=&#8221;on|tablet&#8221;][et_pb_code _builder_version=&#8221;4.16&#8243; _module_preset=&#8221;default&#8221; global_colors_info=&#8221;{}&#8221;]<div class=\"posts_grid\"><div class=\"post\"><div class=\"post_image\"><a href=\"https:\/\/www.agence-presence.fr\/en\/project\/villa-cohendier\/\"><img decoding=\"async\" src=\"8313\" alt=\"\" \/><\/a><\/div>\t<div class=\"post_infos\">\t\t<p class=\"post_title\">\t\t\t<a href=\"https:\/\/www.agence-presence.fr\/en\/project\/villa-cohendier\/\">\t\t\t\t<span>Villa Cohendier<\/span>\t\t\t<\/a>\t\t<\/p>\t<\/div><\/div><div class=\"post\"><div class=\"post_image\"><a href=\"https:\/\/www.agence-presence.fr\/en\/project\/la-trappe-abbey\/\"><img decoding=\"async\" src=\"8181\" alt=\"\" \/><\/a><\/div>\t<div class=\"post_infos\">\t\t<p class=\"post_title\">\t\t\t<a href=\"https:\/\/www.agence-presence.fr\/en\/project\/la-trappe-abbey\/\">\t\t\t\t<span>La Trappe Abbey<\/span>\t\t\t<\/a>\t\t<\/p>\t<\/div><\/div><div class=\"post\"><div class=\"post_image\"><a href=\"https:\/\/www.agence-presence.fr\/en\/project\/canal-and-nature-center\/\"><img decoding=\"async\" src=\"8170\" alt=\"\" \/><\/a><\/div>\t<div class=\"post_infos\">\t\t<p class=\"post_title\">\t\t\t<a href=\"https:\/\/www.agence-presence.fr\/en\/project\/canal-and-nature-center\/\">\t\t\t\t<span>Canal and Nature Center<\/span>\t\t\t<\/a>\t\t<\/p>\t<\/div><\/div><div class=\"post\"><div class=\"post_image\"><a href=\"https:\/\/www.agence-presence.fr\/en\/project\/ecurey-abbey\/\"><img decoding=\"async\" src=\"8157\" alt=\"\" \/><\/a><\/div>\t<div class=\"post_infos\">\t\t<p class=\"post_title\">\t\t\t<a href=\"https:\/\/www.agence-presence.fr\/en\/project\/ecurey-abbey\/\">\t\t\t\t<span>\u00c9curey Abbey<\/span>\t\t\t<\/a>\t\t<\/p>\t<\/div><\/div><div class=\"post\"><div class=\"post_image\"><a href=\"https:\/\/www.agence-presence.fr\/en\/project\/chateau-de-sainte-suzanne\/\"><img decoding=\"async\" src=\"8130\" alt=\"\" \/><\/a><\/div>\t<div class=\"post_infos\">\t\t<p class=\"post_title\">\t\t\t<a href=\"https:\/\/www.agence-presence.fr\/en\/project\/chateau-de-sainte-suzanne\/\">\t\t\t\t<span>Ch\u00e2teau de Sainte-Suzanne<\/span>\t\t\t<\/a>\t\t<\/p>\t<\/div><\/div><div class=\"post\"><div class=\"post_image\"><a href=\"https:\/\/www.agence-presence.fr\/en\/project\/the-citrus-fruit-conservatory\/\"><img decoding=\"async\" src=\"7233\" alt=\"\" \/><\/a><\/div>\t<div class=\"post_infos\">\t\t<p class=\"post_title\">\t\t\t<a href=\"https:\/\/www.agence-presence.fr\/en\/project\/the-citrus-fruit-conservatory\/\">\t\t\t\t<span>The Citrus Fruit Conservatory<\/span>\t\t\t<\/a>\t\t<\/p>\t<\/div><\/div><div class=\"post\"><div class=\"post_image\"><a href=\"https:\/\/www.agence-presence.fr\/en\/project\/carennac-interpretive-centre\/\"><img decoding=\"async\" src=\"7171\" alt=\"\" \/><\/a><\/div>\t<div class=\"post_infos\">\t\t<p class=\"post_title\">\t\t\t<a href=\"https:\/\/www.agence-presence.fr\/en\/project\/carennac-interpretive-centre\/\">\t\t\t\t<span>Carennac Interpretive Centre<\/span>\t\t\t<\/a>\t\t<\/p>\t<\/div><\/div><div class=\"post\"><div class=\"post_image\"><a href=\"https:\/\/www.agence-presence.fr\/en\/project\/montrond-les-bains-castle-museum\/\"><img decoding=\"async\" src=\"4230\" alt=\"\" \/><\/a><\/div>\t<div class=\"post_infos\">\t\t<p class=\"post_title\">\t\t\t<a href=\"https:\/\/www.agence-presence.fr\/en\/project\/montrond-les-bains-castle-museum\/\">\t\t\t\t<span>Montrond-Les-Bains Castle Museum<\/span>\t\t\t<\/a>\t\t<\/p>\t<\/div><\/div><div class=\"post\"><div class=\"post_image\"><a href=\"https:\/\/www.agence-presence.fr\/en\/project\/la-capeliere\/\"><img decoding=\"async\" src=\"5938\" alt=\"\" \/><\/a><\/div>\t<div class=\"post_infos\">\t\t<p class=\"post_title\">\t\t\t<a href=\"https:\/\/www.agence-presence.fr\/en\/project\/la-capeliere\/\">\t\t\t\t<span>La Capeli\u00e8re<\/span>\t\t\t<\/a>\t\t<\/p>\t<\/div><\/div><div class=\"post\"><div class=\"post_image\"><a href=\"https:\/\/www.agence-presence.fr\/en\/project\/fermentis-academy\/\"><img decoding=\"async\" src=\"5850\" alt=\"\" \/><\/a><\/div>\t<div class=\"post_infos\">\t\t<p class=\"post_title\">\t\t\t<a href=\"https:\/\/www.agence-presence.fr\/en\/project\/fermentis-academy\/\">\t\t\t\t<span>Fermentis Academy<\/span>\t\t\t<\/a>\t\t<\/p>\t<\/div><\/div><div class=\"post\"><div class=\"post_image\"><a href=\"https:\/\/www.agence-presence.fr\/en\/project\/casa-xanxo\/\"><img decoding=\"async\" src=\"5472\" alt=\"\" \/><\/a><\/div>\t<div class=\"post_infos\">\t\t<p class=\"post_title\">\t\t\t<a href=\"https:\/\/www.agence-presence.fr\/en\/project\/casa-xanxo\/\">\t\t\t\t<span>Casa Xanxo<\/span>\t\t\t<\/a>\t\t<\/p>\t<\/div><\/div><div class=\"post\"><div class=\"post_image\"><a href=\"https:\/\/www.agence-presence.fr\/en\/project\/un-pied-dans-la-tombe\/\"><img decoding=\"async\" src=\"https:\/\/www.agence-presence.fr\/wp-content\/uploads\/2024\/02\/IMG_6914-scaled.jpg\" alt=\"\" \/><\/a><\/div>\t<div class=\"post_infos\">\t\t<p class=\"post_title\">\t\t\t<a href=\"https:\/\/www.agence-presence.fr\/en\/project\/un-pied-dans-la-tombe\/\">\t\t\t\t<span>Un Pied dans la tombe<\/span>\t\t\t<\/a>\t\t<\/p>\t<\/div><\/div><div class=\"post\"><div class=\"post_image\"><a href=\"https:\/\/www.agence-presence.fr\/en\/project\/gerberoy-municipal-museum\/\"><img decoding=\"async\" src=\"3896\" alt=\"\" \/><\/a><\/div>\t<div class=\"post_infos\">\t\t<p class=\"post_title\">\t\t\t<a href=\"https:\/\/www.agence-presence.fr\/en\/project\/gerberoy-municipal-museum\/\">\t\t\t\t<span>Gerberoy Municipal Museum<\/span>\t\t\t<\/a>\t\t<\/p>\t<\/div><\/div><div class=\"post\"><div class=\"post_image\"><a href=\"https:\/\/www.agence-presence.fr\/en\/project\/castle-of-the-dukes-of-guise\/\"><img decoding=\"async\" src=\"7104\" alt=\"\" \/><\/a><\/div>\t<div class=\"post_infos\">\t\t<p class=\"post_title\">\t\t\t<a href=\"https:\/\/www.agence-presence.fr\/en\/project\/castle-of-the-dukes-of-guise\/\">\t\t\t\t<span>Castle of the Dukes of Guise<\/span>\t\t\t<\/a>\t\t<\/p>\t<\/div><\/div><div class=\"post\"><div class=\"post_image\"><a href=\"https:\/\/www.agence-presence.fr\/en\/project\/rova-palace\/\"><img decoding=\"async\" src=\"6909\" alt=\"\" \/><\/a><\/div>\t<div class=\"post_infos\">\t\t<p class=\"post_title\">\t\t\t<a href=\"https:\/\/www.agence-presence.fr\/en\/project\/rova-palace\/\">\t\t\t\t<span>Rova Palace<\/span>\t\t\t<\/a>\t\t<\/p>\t<\/div><\/div><div class=\"post\"><div class=\"post_image\"><a href=\"https:\/\/www.agence-presence.fr\/en\/project\/dominican-library\/\"><img decoding=\"async\" src=\"6147\" alt=\"\" \/><\/a><\/div>\t<div class=\"post_infos\">\t\t<p class=\"post_title\">\t\t\t<a href=\"https:\/\/www.agence-presence.fr\/en\/project\/dominican-library\/\">\t\t\t\t<span>Dominican Library<\/span>\t\t\t<\/a>\t\t<\/p>\t<\/div><\/div><div class=\"post\"><div class=\"post_image\"><a href=\"https:\/\/www.agence-presence.fr\/en\/project\/the-glucoserie\/\"><img decoding=\"async\" src=\"5788\" alt=\"\" \/><\/a><\/div>\t<div class=\"post_infos\">\t\t<p class=\"post_title\">\t\t\t<a href=\"https:\/\/www.agence-presence.fr\/en\/project\/the-glucoserie\/\">\t\t\t\t<span>The Glucoserie<\/span>\t\t\t<\/a>\t\t<\/p>\t<\/div><\/div><div class=\"post\"><div class=\"post_image\"><a href=\"https:\/\/www.agence-presence.fr\/en\/project\/niort-3-0\/\"><img decoding=\"async\" src=\"6444\" alt=\"\" \/><\/a><\/div>\t<div class=\"post_infos\">\t\t<p class=\"post_title\">\t\t\t<a href=\"https:\/\/www.agence-presence.fr\/en\/project\/niort-3-0\/\">\t\t\t\t<span>Niort 3.0<\/span>\t\t\t<\/a>\t\t<\/p>\t<\/div><\/div><div class=\"post\"><div class=\"post_image\"><a href=\"https:\/\/www.agence-presence.fr\/en\/project\/memorial-of-haute-alsace\/\"><img decoding=\"async\" src=\"6356\" alt=\"\" \/><\/a><\/div>\t<div class=\"post_infos\">\t\t<p class=\"post_title\">\t\t\t<a href=\"https:\/\/www.agence-presence.fr\/en\/project\/memorial-of-haute-alsace\/\">\t\t\t\t<span>Memorial of Haute-Alsace<\/span>\t\t\t<\/a>\t\t<\/p>\t<\/div><\/div><div class=\"post\"><div class=\"post_image\"><a href=\"https:\/\/www.agence-presence.fr\/en\/project\/sugar-cane-country\/\"><img decoding=\"async\" src=\"6959\" alt=\"\" \/><\/a><\/div>\t<div class=\"post_infos\">\t\t<p class=\"post_title\">\t\t\t<a href=\"https:\/\/www.agence-presence.fr\/en\/project\/sugar-cane-country\/\">\t\t\t\t<span>Sugar Cane Country<\/span>\t\t\t<\/a>\t\t<\/p>\t<\/div><\/div><div class=\"post\"><div class=\"post_image\"><a href=\"https:\/\/www.agence-presence.fr\/en\/project\/the-laon-underground-passages\/\"><img decoding=\"async\" src=\"6200\" alt=\"\" \/><\/a><\/div>\t<div class=\"post_infos\">\t\t<p class=\"post_title\">\t\t\t<a href=\"https:\/\/www.agence-presence.fr\/en\/project\/the-laon-underground-passages\/\">\t\t\t\t<span>The Laon Underground Passages<\/span>\t\t\t<\/a>\t\t<\/p>\t<\/div><\/div><div class=\"post\"><div class=\"post_image\"><a href=\"https:\/\/www.agence-presence.fr\/en\/project\/aqualis-lac-du-bourget-interpretive-centre\/\"><img decoding=\"async\" src=\"1884\" alt=\"\" \/><\/a><\/div>\t<div class=\"post_infos\">\t\t<p class=\"post_title\">\t\t\t<a href=\"https:\/\/www.agence-presence.fr\/en\/project\/aqualis-lac-du-bourget-interpretive-centre\/\">\t\t\t\t<span>AQUALIS &#8211; Lac du Bourget Interpretive Centre<\/span>\t\t\t<\/a>\t\t<\/p>\t<\/div><\/div><div class=\"post\"><div class=\"post_image\"><a href=\"https:\/\/www.agence-presence.fr\/en\/project\/nicolas-feuillatte-wine-centre\/\"><img decoding=\"async\" src=\"5204\" alt=\"\" \/><\/a><\/div>\t<div class=\"post_infos\">\t\t<p class=\"post_title\">\t\t\t<a href=\"https:\/\/www.agence-presence.fr\/en\/project\/nicolas-feuillatte-wine-centre\/\">\t\t\t\t<span>Nicolas Feuillatte Wine Centre<\/span>\t\t\t<\/a>\t\t<\/p>\t<\/div><\/div><div class=\"post\"><div class=\"post_image\"><a href=\"https:\/\/www.agence-presence.fr\/en\/project\/house-of-water-and-the-mediterranean\/\"><img decoding=\"async\" src=\"6250\" alt=\"\" \/><\/a><\/div>\t<div class=\"post_infos\">\t\t<p class=\"post_title\">\t\t\t<a href=\"https:\/\/www.agence-presence.fr\/en\/project\/house-of-water-and-the-mediterranean\/\">\t\t\t\t<span>House of Water and the Mediterranean<\/span>\t\t\t<\/a>\t\t<\/p>\t<\/div><\/div><div class=\"post\"><div class=\"post_image\"><a href=\"https:\/\/www.agence-presence.fr\/en\/project\/officina-della-scrittura\/\"><img decoding=\"async\" src=\"6606\" alt=\"\" \/><\/a><\/div>\t<div class=\"post_infos\">\t\t<p class=\"post_title\">\t\t\t<a href=\"https:\/\/www.agence-presence.fr\/en\/project\/officina-della-scrittura\/\">\t\t\t\t<span>Officina Della Scrittura<\/span>\t\t\t<\/a>\t\t<\/p>\t<\/div><\/div><div class=\"post\"><div class=\"post_image\"><a href=\"https:\/\/www.agence-presence.fr\/en\/project\/o-vergers-dajoie\/\"><img decoding=\"async\" src=\"6499\" alt=\"\" \/><\/a><\/div>\t<div class=\"post_infos\">\t\t<p class=\"post_title\">\t\t\t<a href=\"https:\/\/www.agence-presence.fr\/en\/project\/o-vergers-dajoie\/\">\t\t\t\t<span>\u00d4 Vergers d&#8217;Ajoie<\/span>\t\t\t<\/a>\t\t<\/p>\t<\/div><\/div><div class=\"post\"><div class=\"post_image\"><a href=\"https:\/\/www.agence-presence.fr\/en\/project\/quart-castle\/\"><img decoding=\"async\" src=\"5609\" alt=\"\" \/><\/a><\/div>\t<div class=\"post_infos\">\t\t<p class=\"post_title\">\t\t\t<a href=\"https:\/\/www.agence-presence.fr\/en\/project\/quart-castle\/\">\t\t\t\t<span>Quart Castle<\/span>\t\t\t<\/a>\t\t<\/p>\t<\/div><\/div><div class=\"post\"><div class=\"post_image\"><a href=\"https:\/\/www.agence-presence.fr\/en\/project\/ludiver-planetarium\/\"><img decoding=\"async\" src=\"6689\" alt=\"\" \/><\/a><\/div>\t<div class=\"post_infos\">\t\t<p class=\"post_title\">\t\t\t<a href=\"https:\/\/www.agence-presence.fr\/en\/project\/ludiver-planetarium\/\">\t\t\t\t<span>Ludiver Planetarium<\/span>\t\t\t<\/a>\t\t<\/p>\t<\/div><\/div><div class=\"post\"><div class=\"post_image\"><a href=\"https:\/\/www.agence-presence.fr\/en\/project\/john-cockerill-200-years-of-future\/\"><img decoding=\"async\" src=\"5921\" alt=\"\" \/><\/a><\/div>\t<div class=\"post_infos\">\t\t<p class=\"post_title\">\t\t\t<a href=\"https:\/\/www.agence-presence.fr\/en\/project\/john-cockerill-200-years-of-future\/\">\t\t\t\t<span>John Cockerill, 200 years of Future<\/span>\t\t\t<\/a>\t\t<\/p>\t<\/div><\/div><div class=\"post\"><div class=\"post_image\"><a href=\"https:\/\/www.agence-presence.fr\/en\/project\/bouchard-pere-fils\/\"><img decoding=\"async\" src=\"5410\" alt=\"\" \/><\/a><\/div>\t<div class=\"post_infos\">\t\t<p class=\"post_title\">\t\t\t<a href=\"https:\/\/www.agence-presence.fr\/en\/project\/bouchard-pere-fils\/\">\t\t\t\t<span>Bouchard Father &#038; Sons<\/span>\t\t\t<\/a>\t\t<\/p>\t<\/div><\/div><div class=\"post\"><div class=\"post_image\"><a href=\"https:\/\/www.agence-presence.fr\/en\/project\/escaladieu-abbey\/\"><img decoding=\"async\" src=\"5155\" alt=\"\" \/><\/a><\/div>\t<div class=\"post_infos\">\t\t<p class=\"post_title\">\t\t\t<a href=\"https:\/\/www.agence-presence.fr\/en\/project\/escaladieu-abbey\/\">\t\t\t\t<span>Escaladieu Abbey<\/span>\t\t\t<\/a>\t\t<\/p>\t<\/div><\/div><\/div>[\/et_pb_code][\/et_pb_column][\/et_pb_row][\/et_pb_section]<\/p>\n","protected":false},"excerpt":{"rendered":"<p>Le Conseil g\u00e9n\u00e9ral des Hautes-Pyr\u00e9n\u00e9es souhaitait \u00e9crire une nouvelle page de l\u2019histoire de l\u2019abbaye de l\u2019Escaladieu avec la cr\u00e9ation d\u2019un centre multim\u00e9dia am\u00e9nag\u00e9 dans la ferme et le scriptorium. L\u2019abbaye se pr\u00e9sente comme un palimpseste ayant gard\u00e9 les inscriptions des diff\u00e9rents si\u00e8cles travers\u00e9s. L\u2019agence Pr\u00e9sence a propos\u00e9 de jouer sur cet \u00e9tonnement, cette surprise et [&hellip;]<\/p>\n","protected":false},"author":1,"featured_media":0,"parent":0,"menu_order":0,"comment_status":"closed","ping_status":"closed","template":"","meta":{"_acf_changed":false,"_et_pb_use_builder":"on","_et_pb_old_content":"","_et_gb_content_width":"","inline_featured_image":false,"footnotes":""},"class_list":["post-4994","page","type-page","status-publish","hentry"],"acf":[],"_links":{"self":[{"href":"https:\/\/www.agence-presence.fr\/en\/wp-json\/wp\/v2\/pages\/4994","targetHints":{"allow":["GET"]}}],"collection":[{"href":"https:\/\/www.agence-presence.fr\/en\/wp-json\/wp\/v2\/pages"}],"about":[{"href":"https:\/\/www.agence-presence.fr\/en\/wp-json\/wp\/v2\/types\/page"}],"author":[{"embeddable":true,"href":"https:\/\/www.agence-presence.fr\/en\/wp-json\/wp\/v2\/users\/1"}],"replies":[{"embeddable":true,"href":"https:\/\/www.agence-presence.fr\/en\/wp-json\/wp\/v2\/comments?post=4994"}],"version-history":[{"count":9,"href":"https:\/\/www.agence-presence.fr\/en\/wp-json\/wp\/v2\/pages\/4994\/revisions"}],"predecessor-version":[{"id":6077,"href":"https:\/\/www.agence-presence.fr\/en\/wp-json\/wp\/v2\/pages\/4994\/revisions\/6077"}],"wp:attachment":[{"href":"https:\/\/www.agence-presence.fr\/en\/wp-json\/wp\/v2\/media?parent=4994"}],"curies":[{"name":"wp","href":"https:\/\/api.w.org\/{rel}","templated":true}]}}